{"id":938,"date":"2018-11-27T09:17:28","date_gmt":"2022-12-07T14:03:31","guid":{"rendered":"https:\/\/carbon2mine.es\/?page_id=938"},"modified":"2025-09-23T10:39:16","modified_gmt":"2025-09-23T09:39:16","slug":"divulgacion","status":"publish","type":"page","link":"https:\/\/carbon2mine.es\/index.php\/divulgacion\/","title":{"rendered":"DIVULGACI\u00d3N"},"content":{"rendered":"\n<h1 class=\"wp-block-heading\">\n\t\tDIVULGACI\u00d3N\n\t<\/h1>\n\n\n\n<p>En esta secci\u00f3n encontrar\u00e1s los materiales de divulgaci\u00f3n que se vayan generando: folletos informativos, carteles, material multimedia, infograf\u00edas y cualquier otro tipo de documento o informe susceptible de ser comunicado para poder informaros de nuestros prop\u00f3sitos y avances en el marco de este proyecto<\/p>\n\n\n\n<p><strong>CONTENIDOS DESCARGABLES<\/strong> (pincha el bot\u00f3n para descargar el documento)<\/p>\n\n\n\n<p class=\"has-text-align-left\"><strong>Newsletter<\/strong><\/p>\n\n\n\n<p><\/p>\n\n\n\n<div class=\"wp-block-buttons alignwide is-layout-flex wp-block-buttons-is-layout-flex\">\n<div class=\"wp-block-button\"><a class=\"wp-block-button__link wp-element-button\" href=\"https:\/\/carbon2mine.es\/boletines\/boletin1.html\" target=\"_blank\" rel=\"noreferrer noopener\">Newsletter n\u00ba 1 &#8211; 2023<\/a><\/div>\n<\/div>\n\n\n\n<p><\/p>\n\n\n\n<div class=\"wp-block-buttons alignwide is-layout-flex wp-block-buttons-is-layout-flex\">\n<div class=\"wp-block-button\"><a class=\"wp-block-button__link wp-element-button\" href=\"https:\/\/carbon2mine.es\/boletines\/boletin2.html\" target=\"_blank\" rel=\"noreferrer noopener\">Newsletter n\u00ba 2 &#8211; 2023<\/a><\/div>\n<\/div>\n\n\n\n<p><\/p>\n\n\n\n<div class=\"wp-block-buttons alignwide is-content-justification-left is-layout-flex wp-container-core-buttons-is-layout-fc4fd283 wp-block-buttons-is-layout-flex\">\n<div class=\"wp-block-button\"><a class=\"wp-block-button__link wp-element-button\" href=\"https:\/\/carbon2mine.es\/wp-content\/uploads\/2024\/09\/Carbon2mine-bol3.html\" target=\"_blank\" rel=\"noreferrer noopener\">Newsletter n\u00ba 3 &#8211; 2024<\/a><\/div>\n<\/div>\n\n\n\n<p><\/p>\n\n\n\n<div class=\"wp-block-buttons alignwide is-content-justification-left is-layout-flex wp-container-core-buttons-is-layout-fc4fd283 wp-block-buttons-is-layout-flex\">\n<div class=\"wp-block-button\"><a class=\"wp-block-button__link wp-element-button\" href=\"https:\/\/carbon2mine.es\/wp-content\/uploads\/2025\/09\/Carbon2mine-bol4.html\">NEWSLETTER n\u00ba 4 &#8211; 2025<\/a><\/div>\n<\/div>\n\n\n\n<p><\/p>\n\n\n\n<p class=\"has-text-align-left\"><strong>Contenidos del proyecto<\/strong><\/p>\n\n\n\n<p><\/p>\n\n\n\n<div class=\"wp-block-buttons alignwide is-content-justification-left is-layout-flex wp-container-core-buttons-is-layout-0e5a4d8e wp-block-buttons-is-layout-flex\">\n<div class=\"wp-block-button\"><a class=\"wp-block-button__link wp-element-button\" href=\"https:\/\/carbon2mine.es\/wp-content\/uploads\/2023\/06\/Cartel-A2.pdf\" target=\"_blank\" rel=\"noreferrer noopener\">cartel a2 life carbon2mine<\/a><\/div>\n<\/div>\n\n\n\n<p><\/p>\n\n\n\n<div class=\"wp-block-buttons alignwide is-layout-flex wp-block-buttons-is-layout-flex\">\n<div class=\"wp-block-button\"><a class=\"wp-block-button__link wp-element-button\" href=\"https:\/\/carbon2mine.es\/wp-content\/uploads\/2023\/06\/TripticoC2M_DEF.pdf\" target=\"_blank\" rel=\"noreferrer noopener\">Tr\u00edptico life carbon2mine<\/a><\/div>\n<\/div>\n\n\n\n<p><\/p>\n\n\n\n<div class=\"wp-block-buttons alignwide is-layout-flex wp-block-buttons-is-layout-flex\">\n<div class=\"wp-block-button\"><a class=\"wp-block-button__link wp-element-button\" href=\"https:\/\/carbon2mine.es\/wp-content\/uploads\/2023\/05\/27.04.23_Cuaderno-de-campo-Jornada-expertos-1.pdf\" target=\"_blank\" rel=\"noreferrer noopener\">CUADERNO DE CAMPO &#8211; SALIDA DE EXPERTOS Jornada 27 de abril 2023<\/a><\/div>\n<\/div>\n\n\n\n<p>.<\/p>\n\n\n\n<p><strong>CONAMA 2024<\/strong><\/p>\n\n\n\n<p>Publicaci\u00f3n del congreso donde se menciona al proyecto LIFE Carbon2Mine (p\u00e1gina 12)<\/p>\n\n\n\n<div data-wp-interactive=\"core\/file\" class=\"wp-block-file\"><object data-wp-bind--hidden=\"!state.hasPdfPreview\" hidden class=\"wp-block-file__embed\" data=\"https:\/\/carbon2mine.es\/wp-content\/uploads\/2024\/12\/Comunicacion-escrita-Red-de-Restauracion-de-minas-y-canteras.pdf\" type=\"application\/pdf\" style=\"width:100%;height:600px\" aria-label=\"Incrustado de Comunicacion-escrita-Red-de-Restauracion-de-minas-y-canteras.\"><\/object><a id=\"wp-block-file--media-ed30415b-5fb0-4bde-902e-488930fd7823\" href=\"https:\/\/carbon2mine.es\/wp-content\/uploads\/2024\/12\/Comunicacion-escrita-Red-de-Restauracion-de-minas-y-canteras.pdf\">Comunicacion-escrita-Red-de-Restauracion-de-minas-y-canteras<\/a><a href=\"https:\/\/carbon2mine.es\/wp-content\/uploads\/2024\/12\/Comunicacion-escrita-Red-de-Restauracion-de-minas-y-canteras.pdf\" class=\"wp-block-file__button wp-element-button\" download aria-describedby=\"wp-block-file--media-ed30415b-5fb0-4bde-902e-488930fd7823\">Descarga<\/a><\/div>\n\n\n\n<p><strong>V\u00cdDEOS RELACIONADOS<\/strong><\/p>\n\n\n\n<p>Jornada del 24 de marzo: \u00abLa gesti\u00f3n del bosque: Pasado, presente y futuro\u00bb organizada por Basoa Fundazioa y en la que particip\u00f3 nuestra coordinadora Asun C\u00e1mara.<\/p>\n\n\n\n<figure class=\"wp-block-embed aligncenter is-type-video is-provider-youtube wp-block-embed-youtube wp-embed-aspect-16-9 wp-has-aspect-ratio\"><div class=\"wp-block-embed__wrapper\">\n<div class=\"ast-oembed-container \" style=\"height: 100%;\"><iframe title=\"La gesti\u00f3n del bosque &quot;Pasado, presente y futuro&quot;\" width=\"500\" height=\"281\" src=\"https:\/\/www.youtube.com\/embed\/5TRCPs-djGw?feature=oembed\" frameborder=\"0\" allow=\"accelerometer; autoplay; clipboard-write; encrypted-media; gyroscope; picture-in-picture; web-share\" referrerpolicy=\"strict-origin-when-cross-origin\" allowfullscreen><\/iframe><\/div>\n<\/div><\/figure>\n\n\n\n<p><strong>M\u00c1S CONTENIDO <\/strong><\/p>\n","protected":false},"excerpt":{"rendered":"<p>DIVULGACI\u00d3N En esta secci\u00f3n encontrar\u00e1s los materiales de divulgaci\u00f3n que se vayan generando: folletos informativos, carteles, material multimedia, infograf\u00edas y cualquier otro tipo de documento o informe susceptible de ser comunicado para poder informaros de nuestros prop\u00f3sitos y avances en el marco de este proyecto CONTENIDOS DESCARGABLES (pincha el bot\u00f3n para descargar el documento) Newsletter [&hellip;]<\/p>\n","protected":false},"author":1,"featured_media":0,"parent":0,"menu_order":0,"comment_status":"closed","ping_status":"closed","template":"","meta":{"_uag_custom_page_level_css":"","site-sidebar-layout":"default","site-content-layout":"","ast-site-content-layout":"default","site-content-style":"default","site-sidebar-style":"default","ast-global-header-display":"","ast-banner-title-visibility":"","ast-main-header-display":"","ast-hfb-above-header-display":"","ast-hfb-below-header-display":"","ast-hfb-mobile-header-display":"","site-post-title":"disabled","ast-breadcrumbs-content":"","ast-featured-img":"","footer-sml-layout":"","theme-transparent-header-meta":"","adv-header-id-meta":"","stick-header-meta":"","header-above-stick-meta":"","header-main-stick-meta":"","header-below-stick-meta":"","astra-migrate-meta-layouts":"set","ast-page-background-enabled":"default","ast-page-background-meta":{"desktop":{"background-color":"","background-image":"","background-repeat":"repeat","background-position":"center center","background-size":"auto","background-attachment":"scroll","background-type":"","background-media":"","overlay-type":"","overlay-color":"","overlay-opacity":"","overlay-gradient":""},"tablet":{"background-color":"","background-image":"","background-repeat":"repeat","background-position":"center center","background-size":"auto","background-attachment":"scroll","background-type":"","background-media":"","overlay-type":"","overlay-color":"","overlay-opacity":"","overlay-gradient":""},"mobile":{"background-color":"","background-image":"","background-repeat":"repeat","background-position":"center center","background-size":"auto","background-attachment":"scroll","background-type":"","background-media":"","overlay-type":"","overlay-color":"","overlay-opacity":"","overlay-gradient":""}},"ast-content-background-meta":{"desktop":{"background-color":"var(--ast-global-color-5)","background-image":"","background-repeat":"repeat","background-position":"center center","background-size":"auto","background-attachment":"scroll","background-type":"","background-media":"","overlay-type":"","overlay-color":"","overlay-opacity":"","overlay-gradient":""},"tablet":{"background-color":"var(--ast-global-color-5)","background-image":"","background-repeat":"repeat","background-position":"center center","background-size":"auto","background-attachment":"scroll","background-type":"","background-media":"","overlay-type":"","overlay-color":"","overlay-opacity":"","overlay-gradient":""},"mobile":{"background-color":"var(--ast-global-color-5)","background-image":"","background-repeat":"repeat","background-position":"center center","background-size":"auto","background-attachment":"scroll","background-type":"","background-media":"","overlay-type":"","overlay-color":"","overlay-opacity":"","overlay-gradient":""}},"footnotes":""},"class_list":["post-938","page","type-page","status-publish","hentry"],"yoast_head":"<!-- This site is optimized with the Yoast SEO plugin v27.5 - https:\/\/yoast.com\/product\/yoast-seo-wordpress\/ -->\n<title>Carbon2Mine LIFE | DIVULGACI\u00d3N<\/title>\n<meta name=\"description\" content=\"carbon2mine es un proyecto europeo LIFE + de miner\u00eda inversa localizado en las cuencas mineras de Asturias. Universidad de Oviedo Carbon2Mine\" \/>\n<meta name=\"robots\" content=\"index, follow, max-snippet:-1, max-image-preview:large, max-video-preview:-1\" \/>\n<link rel=\"canonical\" href=\"https:\/\/carbon2mine.es\/index.php\/divulgacion\/\" \/>\n<meta property=\"og:locale\" content=\"es_ES\" \/>\n<meta property=\"og:type\" content=\"article\" \/>\n<meta property=\"og:title\" content=\"Carbon2Mine LIFE | DIVULGACI\u00d3N\" \/>\n<meta property=\"og:description\" content=\"carbon2mine es un proyecto europeo LIFE + de miner\u00eda inversa localizado en las cuencas mineras de Asturias. Universidad de Oviedo Carbon2Mine\" \/>\n<meta property=\"og:url\" content=\"https:\/\/carbon2mine.es\/index.php\/divulgacion\/\" \/>\n<meta property=\"og:site_name\" content=\"Carbon2Mine LIFE\" \/>\n<meta property=\"article:publisher\" content=\"https:\/\/www.facebook.com\/carbon2mine\" \/>\n<meta property=\"article:modified_time\" content=\"2025-09-23T09:39:16+00:00\" \/>\n<meta property=\"og:image\" content=\"https:\/\/carbon2mine.es\/wp-content\/uploads\/2022\/12\/cropped-logo_financiado.jpg\" \/>\n\t<meta property=\"og:image:width\" content=\"741\" \/>\n\t<meta property=\"og:image:height\" content=\"387\" \/>\n\t<meta property=\"og:image:type\" content=\"image\/jpeg\" \/>\n<meta name=\"twitter:card\" content=\"summary_large_image\" \/>\n<meta name=\"twitter:site\" content=\"@carbon2mine\" \/>\n<meta name=\"twitter:label1\" content=\"Tiempo de lectura\" \/>\n\t<meta name=\"twitter:data1\" content=\"1 minuto\" \/>\n<script type=\"application\/ld+json\" class=\"yoast-schema-graph\">{\"@context\":\"https:\\\/\\\/schema.org\",\"@graph\":[{\"@type\":\"WebPage\",\"@id\":\"https:\\\/\\\/carbon2mine.es\\\/index.php\\\/divulgacion\\\/\",\"url\":\"https:\\\/\\\/carbon2mine.es\\\/index.php\\\/divulgacion\\\/\",\"name\":\"Carbon2Mine LIFE | DIVULGACI\u00d3N\",\"isPartOf\":{\"@id\":\"https:\\\/\\\/carbon2mine.es\\\/#website\"},\"datePublished\":\"2022-12-07T14:03:31+00:00\",\"dateModified\":\"2025-09-23T09:39:16+00:00\",\"description\":\"carbon2mine es un proyecto europeo LIFE + de miner\u00eda inversa localizado en las cuencas mineras de Asturias. Universidad de Oviedo Carbon2Mine\",\"breadcrumb\":{\"@id\":\"https:\\\/\\\/carbon2mine.es\\\/index.php\\\/divulgacion\\\/#breadcrumb\"},\"inLanguage\":\"es\",\"potentialAction\":[{\"@type\":\"ReadAction\",\"target\":[\"https:\\\/\\\/carbon2mine.es\\\/index.php\\\/divulgacion\\\/\"]}]},{\"@type\":\"BreadcrumbList\",\"@id\":\"https:\\\/\\\/carbon2mine.es\\\/index.php\\\/divulgacion\\\/#breadcrumb\",\"itemListElement\":[{\"@type\":\"ListItem\",\"position\":1,\"name\":\"Portada\",\"item\":\"https:\\\/\\\/carbon2mine.es\\\/\"},{\"@type\":\"ListItem\",\"position\":2,\"name\":\"DIVULGACI\u00d3N\"}]},{\"@type\":\"WebSite\",\"@id\":\"https:\\\/\\\/carbon2mine.es\\\/#website\",\"url\":\"https:\\\/\\\/carbon2mine.es\\\/\",\"name\":\"Carbon2Mine LIFE\",\"description\":\"Proyecto de Miner\u00eda Inversa\",\"publisher\":{\"@id\":\"https:\\\/\\\/carbon2mine.es\\\/#organization\"},\"alternateName\":\"carbon2mine\",\"potentialAction\":[{\"@type\":\"SearchAction\",\"target\":{\"@type\":\"EntryPoint\",\"urlTemplate\":\"https:\\\/\\\/carbon2mine.es\\\/?s={search_term_string}\"},\"query-input\":{\"@type\":\"PropertyValueSpecification\",\"valueRequired\":true,\"valueName\":\"search_term_string\"}}],\"inLanguage\":\"es\"},{\"@type\":\"Organization\",\"@id\":\"https:\\\/\\\/carbon2mine.es\\\/#organization\",\"name\":\"Universidad de Oviedo\",\"alternateName\":\"Escuela Polit\u00e9cnica de Mieres\",\"url\":\"https:\\\/\\\/carbon2mine.es\\\/\",\"logo\":{\"@type\":\"ImageObject\",\"inLanguage\":\"es\",\"@id\":\"https:\\\/\\\/carbon2mine.es\\\/#\\\/schema\\\/logo\\\/image\\\/\",\"url\":\"https:\\\/\\\/carbon2mine.es\\\/wp-content\\\/uploads\\\/2022\\\/12\\\/Escudo_UO_Vertica_Color_JPG-01-1.jpg\",\"contentUrl\":\"https:\\\/\\\/carbon2mine.es\\\/wp-content\\\/uploads\\\/2022\\\/12\\\/Escudo_UO_Vertica_Color_JPG-01-1.jpg\",\"width\":1808,\"height\":1333,\"caption\":\"Universidad de Oviedo\"},\"image\":{\"@id\":\"https:\\\/\\\/carbon2mine.es\\\/#\\\/schema\\\/logo\\\/image\\\/\"},\"sameAs\":[\"https:\\\/\\\/www.facebook.com\\\/carbon2mine\",\"https:\\\/\\\/x.com\\\/carbon2mine\",\"https:\\\/\\\/www.instagram.com\\\/carbon2mine\\\/\",\"https:\\\/\\\/www.linkedin.com\\\/company\\\/carbon2mine\\\/\"]}]}<\/script>\n<!-- \/ Yoast SEO plugin. -->","yoast_head_json":{"title":"Carbon2Mine LIFE | DIVULGACI\u00d3N","description":"carbon2mine es un proyecto europeo LIFE + de miner\u00eda inversa localizado en las cuencas mineras de Asturias. Universidad de Oviedo Carbon2Mine","robots":{"index":"index","follow":"follow","max-snippet":"max-snippet:-1","max-image-preview":"max-image-preview:large","max-video-preview":"max-video-preview:-1"},"canonical":"https:\/\/carbon2mine.es\/index.php\/divulgacion\/","og_locale":"es_ES","og_type":"article","og_title":"Carbon2Mine LIFE | DIVULGACI\u00d3N","og_description":"carbon2mine es un proyecto europeo LIFE + de miner\u00eda inversa localizado en las cuencas mineras de Asturias. Universidad de Oviedo Carbon2Mine","og_url":"https:\/\/carbon2mine.es\/index.php\/divulgacion\/","og_site_name":"Carbon2Mine LIFE","article_publisher":"https:\/\/www.facebook.com\/carbon2mine","article_modified_time":"2025-09-23T09:39:16+00:00","og_image":[{"width":741,"height":387,"url":"https:\/\/carbon2mine.es\/wp-content\/uploads\/2022\/12\/cropped-logo_financiado.jpg","type":"image\/jpeg"}],"twitter_card":"summary_large_image","twitter_site":"@carbon2mine","twitter_misc":{"Tiempo de lectura":"1 minuto"},"schema":{"@context":"https:\/\/schema.org","@graph":[{"@type":"WebPage","@id":"https:\/\/carbon2mine.es\/index.php\/divulgacion\/","url":"https:\/\/carbon2mine.es\/index.php\/divulgacion\/","name":"Carbon2Mine LIFE | DIVULGACI\u00d3N","isPartOf":{"@id":"https:\/\/carbon2mine.es\/#website"},"datePublished":"2022-12-07T14:03:31+00:00","dateModified":"2025-09-23T09:39:16+00:00","description":"carbon2mine es un proyecto europeo LIFE + de miner\u00eda inversa localizado en las cuencas mineras de Asturias. Universidad de Oviedo Carbon2Mine","breadcrumb":{"@id":"https:\/\/carbon2mine.es\/index.php\/divulgacion\/#breadcrumb"},"inLanguage":"es","potentialAction":[{"@type":"ReadAction","target":["https:\/\/carbon2mine.es\/index.php\/divulgacion\/"]}]},{"@type":"BreadcrumbList","@id":"https:\/\/carbon2mine.es\/index.php\/divulgacion\/#breadcrumb","itemListElement":[{"@type":"ListItem","position":1,"name":"Portada","item":"https:\/\/carbon2mine.es\/"},{"@type":"ListItem","position":2,"name":"DIVULGACI\u00d3N"}]},{"@type":"WebSite","@id":"https:\/\/carbon2mine.es\/#website","url":"https:\/\/carbon2mine.es\/","name":"Carbon2Mine LIFE","description":"Proyecto de Miner\u00eda Inversa","publisher":{"@id":"https:\/\/carbon2mine.es\/#organization"},"alternateName":"carbon2mine","potentialAction":[{"@type":"SearchAction","target":{"@type":"EntryPoint","urlTemplate":"https:\/\/carbon2mine.es\/?s={search_term_string}"},"query-input":{"@type":"PropertyValueSpecification","valueRequired":true,"valueName":"search_term_string"}}],"inLanguage":"es"},{"@type":"Organization","@id":"https:\/\/carbon2mine.es\/#organization","name":"Universidad de Oviedo","alternateName":"Escuela Polit\u00e9cnica de Mieres","url":"https:\/\/carbon2mine.es\/","logo":{"@type":"ImageObject","inLanguage":"es","@id":"https:\/\/carbon2mine.es\/#\/schema\/logo\/image\/","url":"https:\/\/carbon2mine.es\/wp-content\/uploads\/2022\/12\/Escudo_UO_Vertica_Color_JPG-01-1.jpg","contentUrl":"https:\/\/carbon2mine.es\/wp-content\/uploads\/2022\/12\/Escudo_UO_Vertica_Color_JPG-01-1.jpg","width":1808,"height":1333,"caption":"Universidad de Oviedo"},"image":{"@id":"https:\/\/carbon2mine.es\/#\/schema\/logo\/image\/"},"sameAs":["https:\/\/www.facebook.com\/carbon2mine","https:\/\/x.com\/carbon2mine","https:\/\/www.instagram.com\/carbon2mine\/","https:\/\/www.linkedin.com\/company\/carbon2mine\/"]}]}},"uagb_featured_image_src":{"full":false,"thumbnail":false,"medium":false,"medium_large":false,"large":false,"1536x1536":false,"2048x2048":false,"bdpp-medium":false},"uagb_author_info":{"display_name":"admin","author_link":"https:\/\/carbon2mine.es\/index.php\/author\/admin\/"},"uagb_comment_info":0,"uagb_excerpt":"DIVULGACI\u00d3N En esta secci\u00f3n encontrar\u00e1s los materiales de divulgaci\u00f3n que se vayan generando: folletos informativos, carteles, material multimedia, infograf\u00edas y cualquier otro tipo de documento o informe susceptible de ser comunicado para poder informaros de nuestros prop\u00f3sitos y avances en el marco de este proyecto CONTENIDOS DESCARGABLES (pincha el bot\u00f3n para descargar el documento) Newsletter&hellip;","_links":{"self":[{"href":"https:\/\/carbon2mine.es\/index.php\/wp-json\/wp\/v2\/pages\/938","targetHints":{"allow":["GET"]}}],"collection":[{"href":"https:\/\/carbon2mine.es\/index.php\/wp-json\/wp\/v2\/pages"}],"about":[{"href":"https:\/\/carbon2mine.es\/index.php\/wp-json\/wp\/v2\/types\/page"}],"author":[{"embeddable":true,"href":"https:\/\/carbon2mine.es\/index.php\/wp-json\/wp\/v2\/users\/1"}],"replies":[{"embeddable":true,"href":"https:\/\/carbon2mine.es\/index.php\/wp-json\/wp\/v2\/comments?post=938"}],"version-history":[{"count":40,"href":"https:\/\/carbon2mine.es\/index.php\/wp-json\/wp\/v2\/pages\/938\/revisions"}],"predecessor-version":[{"id":1905,"href":"https:\/\/carbon2mine.es\/index.php\/wp-json\/wp\/v2\/pages\/938\/revisions\/1905"}],"wp:attachment":[{"href":"https:\/\/carbon2mine.es\/index.php\/wp-json\/wp\/v2\/media?parent=938"}],"curies":[{"name":"wp","href":"https:\/\/api.w.org\/{rel}","templated":true}]}}