{"id":860,"date":"2018-11-27T09:17:28","date_gmt":"2022-12-07T11:14:45","guid":{"rendered":"https:\/\/carbon2mine.es\/?page_id=860"},"modified":"2024-02-19T15:47:46","modified_gmt":"2024-02-19T14:47:46","slug":"proyecto","status":"publish","type":"page","link":"https:\/\/carbon2mine.es\/index.php\/proyecto\/","title":{"rendered":"EL PROYECTO"},"content":{"rendered":"\t\t<div data-elementor-type=\"wp-page\" data-elementor-id=\"860\" class=\"elementor elementor-860\">\n\t\t\t\t\t\t<section class=\"elementor-section elementor-top-section elementor-element elementor-element-5bb8483f elementor-section-boxed elementor-section-height-default elementor-section-height-default\" data-id=\"5bb8483f\" data-element_type=\"section\" data-e-type=\"section\">\n\t\t\t\t\t\t<div class=\"elementor-container elementor-column-gap-default\">\n\t\t\t\t\t<div class=\"elementor-column elementor-col-100 elementor-top-column elementor-element elementor-element-3db2d6e5\" data-id=\"3db2d6e5\" data-element_type=\"column\" data-e-type=\"column\">\n\t\t\t<div class=\"elementor-widget-wrap elementor-element-populated\">\n\t\t\t\t\t\t<div class=\"elementor-element elementor-element-77beb79c elementor-widget elementor-widget-text-editor\" data-id=\"77beb79c\" data-element_type=\"widget\" data-e-type=\"widget\" data-widget_type=\"text-editor.default\">\n\t\t\t\t<div class=\"elementor-widget-container\">\n\t\t\t\t\t\t\t\t\t<p><\/p>\n<h1>El proyecto<\/h1>\n<p><strong>Carbon2Mine<\/strong> es un proyecto LIFE financiado por la Uni\u00f3n Europea, con una duraci\u00f3n de 6 a\u00f1os (octubre 2022-septiembre 2028) que propone una soluci\u00f3n innovativa para contribuir a la mitigaci\u00f3n del cambio clim\u00e1tico. Se desarrollar\u00e1 en una de las regiones m\u00e1s deprimidas econ\u00f3micamente en Europa: las cuencas mineras asturianas, en concreto las cuencas de los r\u00edos Nal\u00f3n y Caudal, directamente afectadas por las pol\u00edticas de descarbonizaci\u00f3n de la UE.<\/p>\n<p>El proyecto pretende el secuestro de carbono a trav\u00e9s de la gesti\u00f3n sostenible de bosques y pastizales para la mitigaci\u00f3n del cambio clim\u00e1tico y la conservaci\u00f3n de la biodiversidad en \u00e1reas mineras. As\u00ed como, revertir los procesos de emisi\u00f3n de gases de efecto invernadero asociados a la miner\u00eda del carb\u00f3n, restaurando el entorno natural en el que est\u00e1n localizados, y mejorando la capacidad de sumidero de carbono (suelo y biomasa) a trav\u00e9s de la <strong>gesti\u00f3n sostenible.<\/strong><\/p>\n<h2>ACCIONES<\/h2>\n<p>El Cambio Clim\u00e1tico es uno de los mayores retos de nuestro tiempo, amenazando seriamente a la salud del Planeta, pero tambi\u00e9n tiene relevantes consecuencias sociales y econ\u00f3micas.<\/p>\n<p>En este contexto, donde se requiere una acci\u00f3n urgente hacia la transici\u00f3n sostenible a una econom\u00eda clim\u00e1ticamente neutra para 2050, <strong>Carbon2Mine<\/strong> desarrollar\u00e1 e implementar\u00e1 nuevos modelos de gesti\u00f3n de la tierra y la vegetaci\u00f3n para optimizar el efecto sumidero de carbono en \u00e1reas mineras, al mismo tiempo que contribuye a una producci\u00f3n de energ\u00eda limpia y econom\u00eda circular a trav\u00e9s de las siguientes acciones.<\/p>\n<p><img fetchpriority=\"high\" decoding=\"async\" title=\"Monte Hunosa\" src=\"https:\/\/carbon2mine.es\/wp-content\/uploads\/2022\/12\/Monte-Hunosa.jpg\" alt=\"Monte Hunosa\" width=\"1440\" height=\"1082\" \/><\/p>\n<p>Restauraci\u00f3n de \u00e1reas mineras a trav\u00e9s de modelos selv\u00edcolas que maximicen la fijaci\u00f3n de carbono para optimizar su almacenamiento y la capacidad de secuestro, la biodiversidad y el suministro de servicios ecosist\u00e9micos en el territorio.<\/p>\n<p><img decoding=\"async\" title=\"20210907_114932\" src=\"https:\/\/carbon2mine.es\/wp-content\/uploads\/2022\/12\/20210907_114932-scaled.jpg\" alt=\"20210907_114932\" width=\"2560\" height=\"1154\" \/><\/p>\n<p>Implementar la econom\u00eda circular en la gesti\u00f3n del territorio a trav\u00e9s de dos tipos de acciones: Introducir la econom\u00eda circular en la gesti\u00f3n de los bosques y pastos e incorporar cenizas de combusti\u00f3n como fertilizantes para las plantaciones forestales.<\/p>\n<p><img decoding=\"async\" title=\"20210907_111907\" src=\"https:\/\/carbon2mine.es\/wp-content\/uploads\/2022\/12\/20210907_111907-scaled.jpg\" alt=\"20210907_111907\" width=\"2560\" height=\"1154\" \/><\/p>\n<p>Proporcionar electricidad descarbonizada, usando biomasa forestal y estudiando nuevos modelos selv\u00edcolas enfocados a la producci\u00f3n de biomasa forestal primaria y secundaria.<\/p>\n<p><img loading=\"lazy\" decoding=\"async\" title=\"20210907_105951\" src=\"https:\/\/carbon2mine.es\/wp-content\/uploads\/2022\/12\/20210907_105951-scaled.jpg\" alt=\"20210907_105951\" width=\"2560\" height=\"1154\" \/><\/p>\n<p>Impulsar un nuevo modelo de reactivaci\u00f3n econ\u00f3mica, basado en la promoci\u00f3n de modelos de negocio enmarcados en el \u00e1mbito forestal con una destacable capacidad de generar empleo, atraer poblaci\u00f3n y estimular la econom\u00eda local, particularmente en \u00e1reas rurales.<\/p>\n<h6>La r\u00e9plica de los modelos del proyecto en otras \u00e1reas mineras est\u00e1 prevista para maximizar el impacto del proyecto, asegurando el almacenamiento de carbono a largo plazo.<\/h6>\n<h2>LOCALIZACI\u00d3N<\/h2>\n<p>Las \u00e1reas demostrativas del proyecto <strong>Carbon2Mine<\/strong> se desarrollar\u00e1n en terrenos de propiedad p\u00fablica de la empresa Hulleras del Norte S.A., (HUNOSA), que se fund\u00f3 originalmente como una empresa de extracci\u00f3n minera para la explotaci\u00f3n de las zonas carbon\u00edferas asturianas en 1967 pero, en la \u00faltima d\u00e9cada, se ha convertido en una empresa centrada en la transici\u00f3n a la producci\u00f3n de bioenerg\u00eda, incluida la descarbonizaci\u00f3n de la producci\u00f3n de energ\u00eda y la restauraci\u00f3n y preservaci\u00f3n del medio ambiente<\/p>\n<h6>En este proceso transformador, el proyecto Carbon2Mine encaja con los objetivos de HUNOSA de no solo conservar y restaurar su territorio, pero tambi\u00e9n convertirse en un ejemplo activo para los peque\u00f1os propietarios locales y los actores de las zonas mineras asturianas sobre las actuaciones y planes necesarios para la mitigaci\u00f3n del cambio clim\u00e1tico. Tanto el proyecto Carbon2Mine y las visiones de empresa de HUNOSA est\u00e1n completamente alineadas con el Acuerdo Marco Espa\u00f1ol para la Transici\u00f3n Justa de la Miner\u00eda del Carb\u00f3n y el Desarrollo Sostenible de las Regiones Mineras para el Per\u00edodo 2019-2027 y las pautas de la Uni\u00f3n Europea.<\/h6>\n<p>Esta misma informaci\u00f3n se encuentra disponible en<\/p>\n<p>https:\/\/webgate.ec.europa.eu\/life\/publicWebsite\/project\/LIFE21-CCM-ES-LIFE-CARBON2MINE-101074333\/carbon-sequestration-through-sustainable-forest-and-grassland-management-for-climate-change-mitigation-and-biodiversity-conservation-in-mining-areas<\/p>\n<p><\/p>\t\t\t\t\t\t\t\t<\/div>\n\t\t\t\t<\/div>\n\t\t\t\t\t<\/div>\n\t\t<\/div>\n\t\t\t\t\t<\/div>\n\t\t<\/section>\n\t\t\t\t<\/div>\n\t\t","protected":false},"excerpt":{"rendered":"<p>El proyecto Carbon2Mine es un proyecto LIFE financiado por la Uni\u00f3n Europea, con una duraci\u00f3n de 6 a\u00f1os (octubre 2022-septiembre 2028) que propone una soluci\u00f3n innovativa para contribuir a la mitigaci\u00f3n del cambio clim\u00e1tico. Se desarrollar\u00e1 en una de las regiones m\u00e1s deprimidas econ\u00f3micamente en Europa: las cuencas mineras asturianas, en concreto las cuencas de [&hellip;]<\/p>\n","protected":false},"author":1,"featured_media":0,"parent":0,"menu_order":0,"comment_status":"closed","ping_status":"closed","template":"","meta":{"_uag_custom_page_level_css":"","site-sidebar-layout":"default","site-content-layout":"","ast-site-content-layout":"","site-content-style":"default","site-sidebar-style":"default","ast-global-header-display":"","ast-banner-title-visibility":"","ast-main-header-display":"","ast-hfb-above-header-display":"","ast-hfb-below-header-display":"","ast-hfb-mobile-header-display":"","site-post-title":"disabled","ast-breadcrumbs-content":"","ast-featured-img":"","footer-sml-layout":"","theme-transparent-header-meta":"","adv-header-id-meta":"","stick-header-meta":"","header-above-stick-meta":"","header-main-stick-meta":"","header-below-stick-meta":"","astra-migrate-meta-layouts":"default","ast-page-background-enabled":"default","ast-page-background-meta":{"desktop":{"background-color":"","background-image":"","background-repeat":"repeat","background-position":"center center","background-size":"auto","background-attachment":"scroll","background-type":"","background-media":"","overlay-type":"","overlay-color":"","overlay-opacity":"","overlay-gradient":""},"tablet":{"background-color":"","background-image":"","background-repeat":"repeat","background-position":"center center","background-size":"auto","background-attachment":"scroll","background-type":"","background-media":"","overlay-type":"","overlay-color":"","overlay-opacity":"","overlay-gradient":""},"mobile":{"background-color":"","background-image":"","background-repeat":"repeat","background-position":"center center","background-size":"auto","background-attachment":"scroll","background-type":"","background-media":"","overlay-type":"","overlay-color":"","overlay-opacity":"","overlay-gradient":""}},"ast-content-background-meta":{"desktop":{"background-color":"var(--ast-global-color-5)","background-image":"","background-repeat":"repeat","background-position":"center center","background-size":"auto","background-attachment":"scroll","background-type":"","background-media":"","overlay-type":"","overlay-color":"","overlay-opacity":"","overlay-gradient":""},"tablet":{"background-color":"var(--ast-global-color-5)","background-image":"","background-repeat":"repeat","background-position":"center center","background-size":"auto","background-attachment":"scroll","background-type":"","background-media":"","overlay-type":"","overlay-color":"","overlay-opacity":"","overlay-gradient":""},"mobile":{"background-color":"var(--ast-global-color-5)","background-image":"","background-repeat":"repeat","background-position":"center center","background-size":"auto","background-attachment":"scroll","background-type":"","background-media":"","overlay-type":"","overlay-color":"","overlay-opacity":"","overlay-gradient":""}},"footnotes":""},"class_list":["post-860","page","type-page","status-publish","hentry"],"yoast_head":"<!-- This site is optimized with the Yoast SEO plugin v26.9 - https:\/\/yoast.com\/product\/yoast-seo-wordpress\/ -->\n<title>Carbon2Mine LIFE | EL PROYECTO<\/title>\n<meta name=\"description\" content=\"carbon2mine es un proyecto europeo LIFE PEFC en las cuencas mineras de Asturias y dirigido por la Universidad de Oviedo.\" \/>\n<meta name=\"robots\" content=\"index, follow, max-snippet:-1, max-image-preview:large, max-video-preview:-1\" \/>\n<link rel=\"canonical\" href=\"https:\/\/carbon2mine.es\/index.php\/proyecto\/\" \/>\n<meta property=\"og:locale\" content=\"es_ES\" \/>\n<meta property=\"og:type\" content=\"article\" \/>\n<meta property=\"og:title\" content=\"Carbon2Mine LIFE | EL PROYECTO\" \/>\n<meta property=\"og:description\" content=\"carbon2mine es un proyecto europeo LIFE PEFC en las cuencas mineras de Asturias y dirigido por la Universidad de Oviedo.\" \/>\n<meta property=\"og:url\" content=\"https:\/\/carbon2mine.es\/index.php\/proyecto\/\" \/>\n<meta property=\"og:site_name\" content=\"Carbon2Mine LIFE\" \/>\n<meta property=\"article:publisher\" content=\"https:\/\/www.facebook.com\/carbon2mine\" \/>\n<meta property=\"article:modified_time\" content=\"2024-02-19T14:47:46+00:00\" \/>\n<meta property=\"og:image\" content=\"https:\/\/carbon2mine.es\/wp-content\/uploads\/2022\/12\/Monte-Hunosa.jpg\" \/>\n<meta name=\"twitter:card\" content=\"summary_large_image\" \/>\n<meta name=\"twitter:site\" content=\"@carbon2mine\" \/>\n<meta name=\"twitter:label1\" content=\"Tiempo de lectura\" \/>\n\t<meta name=\"twitter:data1\" content=\"4 minutos\" \/>\n<script type=\"application\/ld+json\" class=\"yoast-schema-graph\">{\"@context\":\"https:\/\/schema.org\",\"@graph\":[{\"@type\":\"WebPage\",\"@id\":\"https:\/\/carbon2mine.es\/index.php\/proyecto\/\",\"url\":\"https:\/\/carbon2mine.es\/index.php\/proyecto\/\",\"name\":\"Carbon2Mine LIFE | EL PROYECTO\",\"isPartOf\":{\"@id\":\"https:\/\/carbon2mine.es\/#website\"},\"primaryImageOfPage\":{\"@id\":\"https:\/\/carbon2mine.es\/index.php\/proyecto\/#primaryimage\"},\"image\":{\"@id\":\"https:\/\/carbon2mine.es\/index.php\/proyecto\/#primaryimage\"},\"thumbnailUrl\":\"https:\/\/carbon2mine.es\/wp-content\/uploads\/2022\/12\/Monte-Hunosa.jpg\",\"datePublished\":\"2022-12-07T11:14:45+00:00\",\"dateModified\":\"2024-02-19T14:47:46+00:00\",\"description\":\"carbon2mine es un proyecto europeo LIFE PEFC en las cuencas mineras de Asturias y dirigido por la Universidad de Oviedo.\",\"breadcrumb\":{\"@id\":\"https:\/\/carbon2mine.es\/index.php\/proyecto\/#breadcrumb\"},\"inLanguage\":\"es\",\"potentialAction\":[{\"@type\":\"ReadAction\",\"target\":[\"https:\/\/carbon2mine.es\/index.php\/proyecto\/\"]}]},{\"@type\":\"ImageObject\",\"inLanguage\":\"es\",\"@id\":\"https:\/\/carbon2mine.es\/index.php\/proyecto\/#primaryimage\",\"url\":\"https:\/\/carbon2mine.es\/wp-content\/uploads\/2022\/12\/Monte-Hunosa.jpg\",\"contentUrl\":\"https:\/\/carbon2mine.es\/wp-content\/uploads\/2022\/12\/Monte-Hunosa.jpg\",\"width\":1440,\"height\":1082},{\"@type\":\"BreadcrumbList\",\"@id\":\"https:\/\/carbon2mine.es\/index.php\/proyecto\/#breadcrumb\",\"itemListElement\":[{\"@type\":\"ListItem\",\"position\":1,\"name\":\"Portada\",\"item\":\"https:\/\/carbon2mine.es\/\"},{\"@type\":\"ListItem\",\"position\":2,\"name\":\"EL PROYECTO\"}]},{\"@type\":\"WebSite\",\"@id\":\"https:\/\/carbon2mine.es\/#website\",\"url\":\"https:\/\/carbon2mine.es\/\",\"name\":\"Carbon2Mine LIFE\",\"description\":\"Proyecto de Miner\u00eda Inversa\",\"publisher\":{\"@id\":\"https:\/\/carbon2mine.es\/#organization\"},\"alternateName\":\"carbon2mine\",\"potentialAction\":[{\"@type\":\"SearchAction\",\"target\":{\"@type\":\"EntryPoint\",\"urlTemplate\":\"https:\/\/carbon2mine.es\/?s={search_term_string}\"},\"query-input\":{\"@type\":\"PropertyValueSpecification\",\"valueRequired\":true,\"valueName\":\"search_term_string\"}}],\"inLanguage\":\"es\"},{\"@type\":\"Organization\",\"@id\":\"https:\/\/carbon2mine.es\/#organization\",\"name\":\"Universidad de Oviedo\",\"alternateName\":\"Escuela Polit\u00e9cnica de Mieres\",\"url\":\"https:\/\/carbon2mine.es\/\",\"logo\":{\"@type\":\"ImageObject\",\"inLanguage\":\"es\",\"@id\":\"https:\/\/carbon2mine.es\/#\/schema\/logo\/image\/\",\"url\":\"https:\/\/carbon2mine.es\/wp-content\/uploads\/2022\/12\/Escudo_UO_Vertica_Color_JPG-01-1.jpg\",\"contentUrl\":\"https:\/\/carbon2mine.es\/wp-content\/uploads\/2022\/12\/Escudo_UO_Vertica_Color_JPG-01-1.jpg\",\"width\":1808,\"height\":1333,\"caption\":\"Universidad de Oviedo\"},\"image\":{\"@id\":\"https:\/\/carbon2mine.es\/#\/schema\/logo\/image\/\"},\"sameAs\":[\"https:\/\/www.facebook.com\/carbon2mine\",\"https:\/\/x.com\/carbon2mine\",\"https:\/\/www.instagram.com\/carbon2mine\/\",\"https:\/\/www.linkedin.com\/company\/carbon2mine\/\"]}]}<\/script>\n<!-- \/ Yoast SEO plugin. -->","yoast_head_json":{"title":"Carbon2Mine LIFE | EL PROYECTO","description":"carbon2mine es un proyecto europeo LIFE PEFC en las cuencas mineras de Asturias y dirigido por la Universidad de Oviedo.","robots":{"index":"index","follow":"follow","max-snippet":"max-snippet:-1","max-image-preview":"max-image-preview:large","max-video-preview":"max-video-preview:-1"},"canonical":"https:\/\/carbon2mine.es\/index.php\/proyecto\/","og_locale":"es_ES","og_type":"article","og_title":"Carbon2Mine LIFE | EL PROYECTO","og_description":"carbon2mine es un proyecto europeo LIFE PEFC en las cuencas mineras de Asturias y dirigido por la Universidad de Oviedo.","og_url":"https:\/\/carbon2mine.es\/index.php\/proyecto\/","og_site_name":"Carbon2Mine LIFE","article_publisher":"https:\/\/www.facebook.com\/carbon2mine","article_modified_time":"2024-02-19T14:47:46+00:00","og_image":[{"url":"https:\/\/carbon2mine.es\/wp-content\/uploads\/2022\/12\/Monte-Hunosa.jpg","type":"","width":"","height":""}],"twitter_card":"summary_large_image","twitter_site":"@carbon2mine","twitter_misc":{"Tiempo de lectura":"4 minutos"},"schema":{"@context":"https:\/\/schema.org","@graph":[{"@type":"WebPage","@id":"https:\/\/carbon2mine.es\/index.php\/proyecto\/","url":"https:\/\/carbon2mine.es\/index.php\/proyecto\/","name":"Carbon2Mine LIFE | EL PROYECTO","isPartOf":{"@id":"https:\/\/carbon2mine.es\/#website"},"primaryImageOfPage":{"@id":"https:\/\/carbon2mine.es\/index.php\/proyecto\/#primaryimage"},"image":{"@id":"https:\/\/carbon2mine.es\/index.php\/proyecto\/#primaryimage"},"thumbnailUrl":"https:\/\/carbon2mine.es\/wp-content\/uploads\/2022\/12\/Monte-Hunosa.jpg","datePublished":"2022-12-07T11:14:45+00:00","dateModified":"2024-02-19T14:47:46+00:00","description":"carbon2mine es un proyecto europeo LIFE PEFC en las cuencas mineras de Asturias y dirigido por la Universidad de Oviedo.","breadcrumb":{"@id":"https:\/\/carbon2mine.es\/index.php\/proyecto\/#breadcrumb"},"inLanguage":"es","potentialAction":[{"@type":"ReadAction","target":["https:\/\/carbon2mine.es\/index.php\/proyecto\/"]}]},{"@type":"ImageObject","inLanguage":"es","@id":"https:\/\/carbon2mine.es\/index.php\/proyecto\/#primaryimage","url":"https:\/\/carbon2mine.es\/wp-content\/uploads\/2022\/12\/Monte-Hunosa.jpg","contentUrl":"https:\/\/carbon2mine.es\/wp-content\/uploads\/2022\/12\/Monte-Hunosa.jpg","width":1440,"height":1082},{"@type":"BreadcrumbList","@id":"https:\/\/carbon2mine.es\/index.php\/proyecto\/#breadcrumb","itemListElement":[{"@type":"ListItem","position":1,"name":"Portada","item":"https:\/\/carbon2mine.es\/"},{"@type":"ListItem","position":2,"name":"EL PROYECTO"}]},{"@type":"WebSite","@id":"https:\/\/carbon2mine.es\/#website","url":"https:\/\/carbon2mine.es\/","name":"Carbon2Mine LIFE","description":"Proyecto de Miner\u00eda Inversa","publisher":{"@id":"https:\/\/carbon2mine.es\/#organization"},"alternateName":"carbon2mine","potentialAction":[{"@type":"SearchAction","target":{"@type":"EntryPoint","urlTemplate":"https:\/\/carbon2mine.es\/?s={search_term_string}"},"query-input":{"@type":"PropertyValueSpecification","valueRequired":true,"valueName":"search_term_string"}}],"inLanguage":"es"},{"@type":"Organization","@id":"https:\/\/carbon2mine.es\/#organization","name":"Universidad de Oviedo","alternateName":"Escuela Polit\u00e9cnica de Mieres","url":"https:\/\/carbon2mine.es\/","logo":{"@type":"ImageObject","inLanguage":"es","@id":"https:\/\/carbon2mine.es\/#\/schema\/logo\/image\/","url":"https:\/\/carbon2mine.es\/wp-content\/uploads\/2022\/12\/Escudo_UO_Vertica_Color_JPG-01-1.jpg","contentUrl":"https:\/\/carbon2mine.es\/wp-content\/uploads\/2022\/12\/Escudo_UO_Vertica_Color_JPG-01-1.jpg","width":1808,"height":1333,"caption":"Universidad de Oviedo"},"image":{"@id":"https:\/\/carbon2mine.es\/#\/schema\/logo\/image\/"},"sameAs":["https:\/\/www.facebook.com\/carbon2mine","https:\/\/x.com\/carbon2mine","https:\/\/www.instagram.com\/carbon2mine\/","https:\/\/www.linkedin.com\/company\/carbon2mine\/"]}]}},"uagb_featured_image_src":{"full":false,"thumbnail":false,"medium":false,"medium_large":false,"large":false,"1536x1536":false,"2048x2048":false,"bdpp-medium":false},"uagb_author_info":{"display_name":"admin","author_link":"https:\/\/carbon2mine.es\/index.php\/author\/admin\/"},"uagb_comment_info":0,"uagb_excerpt":"El proyecto Carbon2Mine es un proyecto LIFE financiado por la Uni\u00f3n Europea, con una duraci\u00f3n de 6 a\u00f1os (octubre 2022-septiembre 2028) que propone una soluci\u00f3n innovativa para contribuir a la mitigaci\u00f3n del cambio clim\u00e1tico. Se desarrollar\u00e1 en una de las regiones m\u00e1s deprimidas econ\u00f3micamente en Europa: las cuencas mineras asturianas, en concreto las cuencas de&hellip;","_links":{"self":[{"href":"https:\/\/carbon2mine.es\/index.php\/wp-json\/wp\/v2\/pages\/860","targetHints":{"allow":["GET"]}}],"collection":[{"href":"https:\/\/carbon2mine.es\/index.php\/wp-json\/wp\/v2\/pages"}],"about":[{"href":"https:\/\/carbon2mine.es\/index.php\/wp-json\/wp\/v2\/types\/page"}],"author":[{"embeddable":true,"href":"https:\/\/carbon2mine.es\/index.php\/wp-json\/wp\/v2\/users\/1"}],"replies":[{"embeddable":true,"href":"https:\/\/carbon2mine.es\/index.php\/wp-json\/wp\/v2\/comments?post=860"}],"version-history":[{"count":19,"href":"https:\/\/carbon2mine.es\/index.php\/wp-json\/wp\/v2\/pages\/860\/revisions"}],"predecessor-version":[{"id":1699,"href":"https:\/\/carbon2mine.es\/index.php\/wp-json\/wp\/v2\/pages\/860\/revisions\/1699"}],"wp:attachment":[{"href":"https:\/\/carbon2mine.es\/index.php\/wp-json\/wp\/v2\/media?parent=860"}],"curies":[{"name":"wp","href":"https:\/\/api.w.org\/{rel}","templated":true}]}}